{"id":2849,"date":"2022-01-25T16:03:16","date_gmt":"2022-01-25T15:03:16","guid":{"rendered":"https:\/\/www.newpark.de\/imprint\/"},"modified":"2022-01-26T11:58:06","modified_gmt":"2022-01-26T10:58:06","slug":"imprint","status":"publish","type":"page","link":"https:\/\/www.newpark.de\/en\/imprint\/","title":{"rendered":"IMPRINT"},"content":{"rendered":"<div id='av_section_1'  class='avia-section main_color avia-section-huge avia-no-border-styling  avia-bg-style-scroll  avia-builder-el-0  el_before_av_one_full  avia-builder-el-first   av-arrow-down-section container_wrap fullsize' style=' '  ><div class='container' ><main  role=\"main\" itemprop=\"mainContentOfPage\"  class='template-page content  av-content-full alpha units'><div class='post-entry post-entry-type-page post-entry-2849'><div class='entry-content-wrapper clearfix'>\n<div  style='padding-bottom:10px; ' class='av-special-heading av-special-heading-h1    avia-builder-el-1  el_before_av_hr  avia-builder-el-first  '><h1 class='av-special-heading-tag '  itemprop=\"headline\"  >IMPRINT<\/h1><div class='special-heading-border'><div class='special-heading-inner-border' ><\/div><\/div><\/div>\n<div   class='hr hr-default   avia-builder-el-2  el_after_av_heading  el_before_av_one_full '><span class='hr-inner ' ><span class='hr-inner-style'><\/span><\/span><\/div>\n<div class=\"flex_column av_one_full  av-animated-generic bottom-to-top  flex_column_div av-zero-column-padding first  avia-builder-el-3  el_after_av_hr  avia-builder-el-last  \" style='margin-top:-60px; margin-bottom:0px; border-radius:0px; '><section class=\"av_textblock_section \"  itemscope=\"itemscope\" itemtype=\"https:\/\/schema.org\/CreativeWork\" ><div class='avia_textblock  '   itemprop=\"text\" ><p><strong>Service provider within the meaning of the Telemedia Act (TMG)<br \/>\nand the Media State Treaty (MStV)<\/strong><\/p>\n<p>newPark Planungs- und Entwicklungsgesellschaft mbH<br \/>\nGenthin Stra\u00dfe<br \/>\nD-45711 Datteln<br \/>\nTel: <a href=\"tel:%20+492363107322\">+49 2363 107 322<\/a><br \/>\nE-mail: <a href=\"mailto:a.taeuber@kreis-re.de\">a.taeuber@kreis-re.de<\/a><br \/>\nManagement: Andreas Tauber<\/p>\n<p>Company headquarters: Datteln<br \/>\nDistrict Court: Recklinghausen<br \/>\nHRB 5308<br \/>\nTax number: 340\/5835\/0105<\/p>\n<p><strong>Responsible for the editorial<br \/>\nContent according to \u00a7 18 MStV:<\/strong><\/p>\n<p>Andreas Tauber<br \/>\nmanaging Director<br \/>\nnewPark Planungs- und Entwicklungsgesellschaft mbH<br \/>\nGenthin Stra\u00dfe<br \/>\nD-45711 Datteln<br \/>\nTel: <a href=\"tel:+492363107322\">+49 2363 107 322<\/a><br \/>\nE-mail: <a href=\"mailto:a.taeuber@kreis-re.de\">a.taeuber@kreis-re.de<\/a><\/p>\n<p><strong>Editing &amp; concept:<\/strong><br \/>\nRDN Agentur for Public Relations GmbH &amp; Co. KG<br \/>\nAnton-Bauer-Weg 6<br \/>\nD-45657 Recklinghausen<br \/>\nTel.: <a href=\"tel:+49236149049110\">+49 2361 490491 10<\/a><br \/>\nE-mail: <a href=\"mailto:info@rdn-online.de\">info@rdn-online.de<\/a><br \/>\n<a href=\"http:\/\/www.rdn-online.de\/\">www.rdn-online.de<\/a><\/p>\n<p><strong>Design and technical realization:<\/strong><br \/>\nKoeller IT Services &amp; Consulting<br \/>\nCarl-Benz-Stra\u00dfe 21<br \/>\nD-48734 Raken<br \/>\n<a href=\"http:\/\/www.koeller-it.de\">www.koeller-it.de<\/a><\/p>\n<p><strong>Photo credits:<\/strong><\/p>\n<p>VIA Drupsteen, Cologne<\/p>\n<p>Jens Valtwies<\/p>\n<p>Robert Kneschke &#8211; stock.adobe.com<\/p>\n<p>baona &#8211; Istockphoto.com<\/p>\n<p>kirch moment effect<\/p>\n<p>memyjo &#8211; stock.adobe.com<\/p>\n<p>magann &#8211; stock.adobe.com<\/p>\n<p>koya979 &#8211; stock.adobe.com<\/p>\n<p>gruizza &#8211; Istockphoto.com<\/p>\n<p>MICHIEJ NOSKOWSKI &#8211; stockphoto.com<\/p>\n<p>ipopba- Istockphoto.com<\/p>\n<p>Gorodenkoff Productions OU \u2013 stock.adobe.com<\/p>\n<p>Platform Industry 4.0 \/ Salary<\/p>\n<p>visualspace-Istockphoto.com<\/p>\n<p>FG Trade- Istockphoto.com<\/p>\n<p>Hans Blossey\/ Mueller + Partner landscape architects BDLA, Willich<\/p>\n<p>yoh4nn-Istockphoto.com<\/p>\n<p>vm-Istock.com<\/p>\n<p>drazen_zigic &#8211; Istock.photo.com<\/p>\n<p>www.industieblick.net &#8211; Istockphoto.com<\/p>\n<p>izusek &#8211; istockphoto.com<\/p>\n<p>adam smigielski &#8211; adobe.stock.com<\/p>\n<p>Alexander Limbach &#8211; Istockphoto.com<\/p>\n<p>hansenn &#8211; stock.adobe.com<\/p>\n<p>dreamnikon &#8211; istockphoto.com<\/p>\n<p>Milos M\u00fcller &#8211; istockphoto.com<\/p>\n<p>regional planner\/district of Recklinghausen<\/p>\n<p>Stra\u00dfen.NRW<\/p>\n<p>Gorodenkoff Productions OU &#8211; istockphoto.com<\/p>\n<p>newPark<\/p>\n<p><strong>Disclaimer: <\/strong><br \/>\nnewPark Planungs- und Entwicklungsgesellschaft mbH has made every effort to ensure the accuracy of the information and data contained on this website. However, any liability or guarantee for the topicality, correctness and completeness of the information and data provided is excluded for reasons of liability law.<\/p>\n<\/div><\/section><\/div><\/div><\/div><\/main><!-- close content main element --><\/div><div class='av-extra-border-element border-extra-arrow-down'><div class='av-extra-border-outer'><div class='av-extra-border-inner'  style='background-color:#ffffff;' ><\/div><\/div><\/div><\/div><div id='after_section_1'  class='main_color av_default_container_wrap container_wrap fullsize' style=' '  ><div class='container' ><div class='template-page content  av-content-full alpha units'><div class='post-entry post-entry-type-page post-entry-2849'><div class='entry-content-wrapper clearfix'><div class=\"flex_column av_one_full  flex_column_div first  avia-builder-el-5  el_after_av_section  el_before_av_one_full  avia-builder-el-first  \" style='margin-top:-100px; margin-bottom:0px; padding:60px 0px 60px 0px ; border-radius:0px; '><\/div><\/p>\n<div class=\"flex_column av_one_full  flex_column_div first  avia-builder-el-6  el_after_av_one_full  el_before_av_one_third  column-top-margin\" style='margin-top:-100px; margin-bottom:0px; padding:60px 0px 60px 0px ; border-radius:0px; '><\/div>\n<div class=\"flex_column av_one_third  flex_column_div av-zero-column-padding first  avia-builder-el-7  el_after_av_one_full  el_before_av_one_third  column-top-margin\" style='border-radius:0px; '><div  class='avia-image-container  av-styling-    avia-builder-el-8  avia-builder-el-no-sibling  avia-align-center '  itemprop=\"image\" itemscope=\"itemscope\" itemtype=\"https:\/\/schema.org\/ImageObject\"  ><div class='avia-image-container-inner'><div class='avia-image-overlay-wrap'><a href='https:\/\/www.wirtschaft.nrw\/' class='avia_image' target=\"_blank\" rel=\"noopener noreferrer\"><img decoding=\"async\" width=\"1574\" height=\"652\" class='wp-image-2661 avia-img-lazy-loading-not-2661 avia_image' src=\"https:\/\/www.newpark.de\/wp-content\/uploads\/2021\/03\/nrw-mweimh-logo_2018_web-2.jpg\" alt='Logo Ministerium f\u00fcr Wirtschaft, Innovation, Digitalisierung und Energie des Landes Nordrhein-Westfalen' title='Logo Ministerium f\u00fcr Wirtschaft, Innovation, Digitalisierung und Energie des Landes Nordrhein-Westfalen'  itemprop=\"thumbnailUrl\" srcset=\"https:\/\/www.newpark.de\/wp-content\/uploads\/2021\/03\/nrw-mweimh-logo_2018_web-2.jpg 1574w, https:\/\/www.newpark.de\/wp-content\/uploads\/2021\/03\/nrw-mweimh-logo_2018_web-2-300x124.jpg 300w, https:\/\/www.newpark.de\/wp-content\/uploads\/2021\/03\/nrw-mweimh-logo_2018_web-2-1030x427.jpg 1030w, https:\/\/www.newpark.de\/wp-content\/uploads\/2021\/03\/nrw-mweimh-logo_2018_web-2-768x318.jpg 768w, https:\/\/www.newpark.de\/wp-content\/uploads\/2021\/03\/nrw-mweimh-logo_2018_web-2-1536x636.jpg 1536w, https:\/\/www.newpark.de\/wp-content\/uploads\/2021\/03\/nrw-mweimh-logo_2018_web-2-1500x621.jpg 1500w, https:\/\/www.newpark.de\/wp-content\/uploads\/2021\/03\/nrw-mweimh-logo_2018_web-2-705x292.jpg 705w\" sizes=\"(max-width: 1574px) 100vw, 1574px\" \/><\/a><\/div><\/div><\/div><\/div>\n<div class=\"flex_column av_one_third  flex_column_div av-zero-column-padding   avia-builder-el-9  el_after_av_one_third  el_before_av_one_third  column-top-margin\" style='border-radius:0px; '><div  class='avia-image-container  av-styling-    avia-builder-el-10  avia-builder-el-no-sibling  avia-align-center '  itemprop=\"image\" itemscope=\"itemscope\" itemtype=\"https:\/\/schema.org\/ImageObject\"  ><div class='avia-image-container-inner'><div class='avia-image-overlay-wrap'><a href='https:\/\/www.bmwi.de\/Navigation\/DE\/Home\/home.html' class='avia_image' target=\"_blank\" rel=\"noopener noreferrer\"><img decoding=\"async\" width=\"555\" height=\"230\" class='wp-image-2660 avia-img-lazy-loading-not-2660 avia_image' src=\"https:\/\/www.newpark.de\/wp-content\/uploads\/2021\/03\/csm_BMWi_4C_Gef_de_60ce499243.jpg\" alt='Logo Bundesministerium f\u00fcr Wirtschaft und Energie' title='Logo Bundesministerium f\u00fcr Wirtschaft und Energie'  itemprop=\"thumbnailUrl\" srcset=\"https:\/\/www.newpark.de\/wp-content\/uploads\/2021\/03\/csm_BMWi_4C_Gef_de_60ce499243.jpg 555w, https:\/\/www.newpark.de\/wp-content\/uploads\/2021\/03\/csm_BMWi_4C_Gef_de_60ce499243-300x124.jpg 300w\" sizes=\"(max-width: 555px) 100vw, 555px\" \/><\/a><\/div><\/div><\/div><\/div>\n<div class=\"flex_column av_one_third  flex_column_div av-zero-column-padding   avia-builder-el-11  el_after_av_one_third  avia-builder-el-last  column-top-margin\" style='border-radius:0px; '><div  class='avia-image-container  av-styling-    avia-builder-el-12  avia-builder-el-no-sibling  avia-align-center '  itemprop=\"image\" itemscope=\"itemscope\" itemtype=\"https:\/\/schema.org\/ImageObject\"  ><div class='avia-image-container-inner'><div class='avia-image-overlay-wrap'><a href='https:\/\/europa.eu\/european-union\/index_de' class='avia_image' target=\"_blank\" rel=\"noopener noreferrer\"><img decoding=\"async\" width=\"300\" height=\"69\" class='wp-image-2669 avia-img-lazy-loading-not-2669 avia_image' src=\"https:\/\/www.newpark.de\/wp-content\/uploads\/2021\/04\/EFRE_Foerderhinweis_deutsch_farbig-300x69.jpg\" alt='Logo Europ\u00e4ische Union Investition in unsere Zukunft Europ\u00e4ischer Fonds f\u00fcr regionale Entwicklung' title='Logo Europ\u00e4ische Union Investition in unsere Zukunft Europ\u00e4ischer Fonds f\u00fcr regionale Entwicklung'  itemprop=\"thumbnailUrl\" srcset=\"https:\/\/www.newpark.de\/wp-content\/uploads\/2021\/04\/EFRE_Foerderhinweis_deutsch_farbig-300x69.jpg 300w, https:\/\/www.newpark.de\/wp-content\/uploads\/2021\/04\/EFRE_Foerderhinweis_deutsch_farbig-1030x237.jpg 1030w, https:\/\/www.newpark.de\/wp-content\/uploads\/2021\/04\/EFRE_Foerderhinweis_deutsch_farbig-768x176.jpg 768w, https:\/\/www.newpark.de\/wp-content\/uploads\/2021\/04\/EFRE_Foerderhinweis_deutsch_farbig-1536x353.jpg 1536w, https:\/\/www.newpark.de\/wp-content\/uploads\/2021\/04\/EFRE_Foerderhinweis_deutsch_farbig-2048x471.jpg 2048w, https:\/\/www.newpark.de\/wp-content\/uploads\/2021\/04\/EFRE_Foerderhinweis_deutsch_farbig-1500x345.jpg 1500w, https:\/\/www.newpark.de\/wp-content\/uploads\/2021\/04\/EFRE_Foerderhinweis_deutsch_farbig-705x162.jpg 705w\" sizes=\"(max-width: 300px) 100vw, 300px\" \/><\/a><\/div><\/div><\/div><\/div>\n","protected":false},"excerpt":{"rendered":"","protected":false},"author":1,"featured_media":0,"parent":0,"menu_order":0,"comment_status":"closed","ping_status":"closed","template":"","meta":{"footnotes":""},"class_list":["post-2849","page","type-page","status-publish","hentry"],"yoast_head":"<!-- This site is optimized with the Yoast SEO plugin v26.6 - https:\/\/yoast.com\/wordpress\/plugins\/seo\/ -->\n<title>IMPRINT - Newpark Datteln<\/title>\n<meta name=\"robots\" content=\"index, follow, max-snippet:-1, max-image-preview:large, max-video-preview:-1\" \/>\n<link rel=\"canonical\" href=\"https:\/\/www.newpark.de\/en\/imprint\/\" \/>\n<meta property=\"og:locale\" content=\"en_US\" \/>\n<meta property=\"og:type\" content=\"article\" \/>\n<meta property=\"og:title\" content=\"IMPRINT - Newpark Datteln\" \/>\n<meta property=\"og:url\" content=\"https:\/\/www.newpark.de\/en\/imprint\/\" \/>\n<meta property=\"og:site_name\" content=\"Newpark Datteln\" \/>\n<meta property=\"article:modified_time\" content=\"2022-01-26T10:58:06+00:00\" \/>\n<meta name=\"twitter:card\" content=\"summary_large_image\" \/>\n<meta name=\"twitter:label1\" content=\"Est. reading time\" \/>\n\t<meta name=\"twitter:data1\" content=\"4 minutes\" \/>\n<script type=\"application\/ld+json\" class=\"yoast-schema-graph\">{\"@context\":\"https:\/\/schema.org\",\"@graph\":[{\"@type\":\"WebPage\",\"@id\":\"https:\/\/www.newpark.de\/en\/imprint\/\",\"url\":\"https:\/\/www.newpark.de\/en\/imprint\/\",\"name\":\"IMPRINT - Newpark Datteln\",\"isPartOf\":{\"@id\":\"https:\/\/www.newpark.de\/en\/#website\"},\"datePublished\":\"2022-01-25T15:03:16+00:00\",\"dateModified\":\"2022-01-26T10:58:06+00:00\",\"breadcrumb\":{\"@id\":\"https:\/\/www.newpark.de\/en\/imprint\/#breadcrumb\"},\"inLanguage\":\"en-US\",\"potentialAction\":[{\"@type\":\"ReadAction\",\"target\":[\"https:\/\/www.newpark.de\/en\/imprint\/\"]}]},{\"@type\":\"BreadcrumbList\",\"@id\":\"https:\/\/www.newpark.de\/en\/imprint\/#breadcrumb\",\"itemListElement\":[{\"@type\":\"ListItem\",\"position\":1,\"name\":\"Home\",\"item\":\"https:\/\/www.newpark.de\/en\/profil\/\"},{\"@type\":\"ListItem\",\"position\":2,\"name\":\"IMPRINT\"}]},{\"@type\":\"WebSite\",\"@id\":\"https:\/\/www.newpark.de\/en\/#website\",\"url\":\"https:\/\/www.newpark.de\/en\/\",\"name\":\"Newpark Datteln\",\"description\":\"\",\"potentialAction\":[{\"@type\":\"SearchAction\",\"target\":{\"@type\":\"EntryPoint\",\"urlTemplate\":\"https:\/\/www.newpark.de\/en\/?s={search_term_string}\"},\"query-input\":{\"@type\":\"PropertyValueSpecification\",\"valueRequired\":true,\"valueName\":\"search_term_string\"}}],\"inLanguage\":\"en-US\"}]}<\/script>\n<!-- \/ Yoast SEO plugin. -->","yoast_head_json":{"title":"IMPRINT - Newpark Datteln","robots":{"index":"index","follow":"follow","max-snippet":"max-snippet:-1","max-image-preview":"max-image-preview:large","max-video-preview":"max-video-preview:-1"},"canonical":"https:\/\/www.newpark.de\/en\/imprint\/","og_locale":"en_US","og_type":"article","og_title":"IMPRINT - Newpark Datteln","og_url":"https:\/\/www.newpark.de\/en\/imprint\/","og_site_name":"Newpark Datteln","article_modified_time":"2022-01-26T10:58:06+00:00","twitter_card":"summary_large_image","twitter_misc":{"Est. reading time":"4 minutes"},"schema":{"@context":"https:\/\/schema.org","@graph":[{"@type":"WebPage","@id":"https:\/\/www.newpark.de\/en\/imprint\/","url":"https:\/\/www.newpark.de\/en\/imprint\/","name":"IMPRINT - Newpark Datteln","isPartOf":{"@id":"https:\/\/www.newpark.de\/en\/#website"},"datePublished":"2022-01-25T15:03:16+00:00","dateModified":"2022-01-26T10:58:06+00:00","breadcrumb":{"@id":"https:\/\/www.newpark.de\/en\/imprint\/#breadcrumb"},"inLanguage":"en-US","potentialAction":[{"@type":"ReadAction","target":["https:\/\/www.newpark.de\/en\/imprint\/"]}]},{"@type":"BreadcrumbList","@id":"https:\/\/www.newpark.de\/en\/imprint\/#breadcrumb","itemListElement":[{"@type":"ListItem","position":1,"name":"Home","item":"https:\/\/www.newpark.de\/en\/profil\/"},{"@type":"ListItem","position":2,"name":"IMPRINT"}]},{"@type":"WebSite","@id":"https:\/\/www.newpark.de\/en\/#website","url":"https:\/\/www.newpark.de\/en\/","name":"Newpark Datteln","description":"","potentialAction":[{"@type":"SearchAction","target":{"@type":"EntryPoint","urlTemplate":"https:\/\/www.newpark.de\/en\/?s={search_term_string}"},"query-input":{"@type":"PropertyValueSpecification","valueRequired":true,"valueName":"search_term_string"}}],"inLanguage":"en-US"}]}},"_links":{"self":[{"href":"https:\/\/www.newpark.de\/en\/wp-json\/wp\/v2\/pages\/2849","targetHints":{"allow":["GET"]}}],"collection":[{"href":"https:\/\/www.newpark.de\/en\/wp-json\/wp\/v2\/pages"}],"about":[{"href":"https:\/\/www.newpark.de\/en\/wp-json\/wp\/v2\/types\/page"}],"author":[{"embeddable":true,"href":"https:\/\/www.newpark.de\/en\/wp-json\/wp\/v2\/users\/1"}],"replies":[{"embeddable":true,"href":"https:\/\/www.newpark.de\/en\/wp-json\/wp\/v2\/comments?post=2849"}],"version-history":[{"count":10,"href":"https:\/\/www.newpark.de\/en\/wp-json\/wp\/v2\/pages\/2849\/revisions"}],"predecessor-version":[{"id":3038,"href":"https:\/\/www.newpark.de\/en\/wp-json\/wp\/v2\/pages\/2849\/revisions\/3038"}],"wp:attachment":[{"href":"https:\/\/www.newpark.de\/en\/wp-json\/wp\/v2\/media?parent=2849"}],"curies":[{"name":"wp","href":"https:\/\/api.w.org\/{rel}","templated":true}]}}