{"id":2831,"date":"2022-01-25T15:50:53","date_gmt":"2022-01-25T14:50:53","guid":{"rendered":"https:\/\/www.newpark.de\/surfaces\/from-3-hectares\/"},"modified":"2022-02-01T11:28:16","modified_gmt":"2022-02-01T10:28:16","slug":"from-3-hectares","status":"publish","type":"page","link":"https:\/\/www.newpark.de\/en\/areas\/from-3-hectares\/","title":{"rendered":"From 3 hectares"},"content":{"rendered":"<div id='full_slider_1'  class='avia-fullwidth-slider main_color avia-shadow   avia-builder-el-0  el_before_av_section  avia-builder-el-first   container_wrap fullsize' style=' '  ><div   data-size='featured_large'  data-lightbox_size='large'  data-animation='fade'  data-conditional_play=''  data-ids='3102,3104,3100'  data-video_counter='0'  data-autoplay='true'  data-bg_slider='false'  data-slide_height=''  data-handle='av_slideshow_full'  data-interval='7'  data-class=' '  data-el_id=''  data-css_id=''  data-scroll_down=''  data-control_layout='av-control-hidden'  data-custom_markup=''  data-perma_caption=''  data-autoplay_stopper=''  data-image_attachment=''  data-min_height='0px'  data-lazy_loading='disabled'  data-src=''  data-position='top left'  data-repeat='no-repeat'  data-attach='scroll'  data-stretch=''  data-default-height='42'  class='avia-slideshow avia-slideshow-1  av-control-hidden av-default-height-applied avia-slideshow-featured_large av_slideshow_full   avia-fade-slider '  itemprop=\"image\" itemscope=\"itemscope\" itemtype=\"https:\/\/schema.org\/ImageObject\" ><ul class='avia-slideshow-inner ' style='padding-bottom: 42%;' ><li  class=' slide-1 ' ><div data-rel='slideshow-1' class='avia-slide-wrap '   ><img decoding=\"async\" class=\"wp-image-3102 avia-img-lazy-loading-not-3102\"  src=\"https:\/\/www.newpark.de\/wp-content\/uploads\/2022\/02\/2022-02-01-header_ENGL_1500x6303-1500x630.jpg\" width=\"1500\" height=\"630\" title='Three developement sites are earmarked f\u00fcr light industries and ist commercial suppliers.' alt='Three developement sites are earmarked f\u00fcr light industries and ist commercial suppliers.'  itemprop=\"thumbnailUrl\" srcset=\"https:\/\/www.newpark.de\/wp-content\/uploads\/2022\/02\/2022-02-01-header_ENGL_1500x6303-1500x630.jpg 1500w, https:\/\/www.newpark.de\/wp-content\/uploads\/2022\/02\/2022-02-01-header_ENGL_1500x6303-300x127.jpg 300w\" sizes=\"(max-width: 1500px) 100vw, 1500px\" \/><\/div><\/li><li  class=' slide-2 ' ><div data-rel='slideshow-1' class='avia-slide-wrap '   ><img decoding=\"async\" class=\"wp-image-3104 avia-img-lazy-loading-not-3104\"  src=\"https:\/\/www.newpark.de\/wp-content\/uploads\/2022\/02\/2022-02-01-header_ENGL_1500x6304-1500x630.jpg\" width=\"1500\" height=\"630\" title='Light industries and suppliers are planned for the GI area.' alt='Light industries and suppliers are planned for the GI area.'  itemprop=\"thumbnailUrl\" srcset=\"https:\/\/www.newpark.de\/wp-content\/uploads\/2022\/02\/2022-02-01-header_ENGL_1500x6304-1500x630.jpg 1500w, https:\/\/www.newpark.de\/wp-content\/uploads\/2022\/02\/2022-02-01-header_ENGL_1500x6304-300x127.jpg 300w\" sizes=\"(max-width: 1500px) 100vw, 1500px\" \/><\/div><\/li><li  class=' slide-3 ' ><div data-rel='slideshow-1' class='avia-slide-wrap '   ><img decoding=\"async\" class=\"wp-image-3100 avia-img-lazy-loading-not-3100\"  src=\"https:\/\/www.newpark.de\/wp-content\/uploads\/2022\/02\/2022-02-01-header_ENGL_1500x6302-1500x630.jpg\" width=\"1500\" height=\"630\" title='Industry and trade at the newPark.' alt='Industry and trade at the newPark.'  itemprop=\"thumbnailUrl\" srcset=\"https:\/\/www.newpark.de\/wp-content\/uploads\/2022\/02\/2022-02-01-header_ENGL_1500x6302-1500x630.jpg 1500w, https:\/\/www.newpark.de\/wp-content\/uploads\/2022\/02\/2022-02-01-header_ENGL_1500x6302-300x127.jpg 300w\" sizes=\"(max-width: 1500px) 100vw, 1500px\" \/><\/div><\/li><\/ul><div class='avia-slideshow-arrows avia-slideshow-controls'><a href='#prev' class='prev-slide' aria-hidden='true' data-av_icon='\ue87c' data-av_iconfont='entypo-fontello'>Previous<\/a><a href='#next' class='next-slide' aria-hidden='true' data-av_icon='\ue87d' data-av_iconfont='entypo-fontello'>Next<\/a><\/div><div class='avia-slideshow-dots avia-slideshow-controls'><a href='#1' class='goto-slide active' >1<\/a><a href='#2' class='goto-slide ' >2<\/a><a href='#3' class='goto-slide ' >3<\/a><\/div><\/div><\/div>\n<div id='av_section_1'  class='avia-section main_color avia-section-huge avia-no-border-styling  avia-bg-style-scroll  avia-builder-el-1  el_after_av_slideshow_full  el_before_av_one_third   av-arrow-down-section container_wrap fullsize' style=' '  ><div class='container' ><div class='template-page content  av-content-full alpha units'><div class='post-entry post-entry-type-page post-entry-2831'><div class='entry-content-wrapper clearfix'>\n<div class=\"flex_column av_one_full  flex_column_div first  avia-builder-el-2  el_before_av_one_full  avia-builder-el-first  \" style='margin-top:-200px; margin-bottom:0px; padding:30px; background-color:#ffffff; border-radius:0px; '><div  style='padding-bottom:20px; margin-bottom:5px; font-size:40px;' class='av-special-heading av-special-heading-h1  blockquote modern-quote modern-centered  avia-builder-el-3  avia-builder-el-no-sibling  av-inherit-size '><h1 class='av-special-heading-tag '  itemprop=\"headline\"  >Areas for light industry and suppliers<\/h1><div class='special-heading-border'><div class='special-heading-inner-border' ><\/div><\/div><\/div><\/div><div class=\"flex_column av_one_full  av-animated-generic bottom-to-top  flex_column_div av-zero-column-padding first  avia-builder-el-4  el_after_av_one_full  avia-builder-el-last  column-top-margin\" style='margin-top:-60px; margin-bottom:0; border-radius:0px; '><p><section class=\"av_textblock_section \"  itemscope=\"itemscope\" itemtype=\"https:\/\/schema.org\/CreativeWork\" ><div class='avia_textblock  '   itemprop=\"text\" ><p>A total of three development sites are earmarked for light industry and its commercial suppliers. The marketing area of the plots totals 50 hectares and is designated as a GI area in the development plan. The planning envisages that the plots will each be centrally located with their narrow sides on the road and thus directly connected to the inner development. Depending on the desired plot size, additional spur roads can also be realised. The other side of the buildings faces the open landscape or the landscape park and thus provides a fantastic view.<\/p>\n<\/div><\/section><br \/>\n<div  class='avia-image-container  av-styling-    avia-builder-el-6  el_after_av_textblock  avia-builder-el-last  avia-align-center '  itemprop=\"image\" itemscope=\"itemscope\" itemtype=\"https:\/\/schema.org\/ImageObject\"  ><div class='avia-image-container-inner'><div class='avia-image-overlay-wrap'><img decoding=\"async\" class='wp-image-3146 avia-img-lazy-loading-not-3146 avia_image' src=\"https:\/\/www.newpark.de\/wp-content\/uploads\/2022\/02\/2022-02-01-slider-plaene_ENGL7-1030x437.jpg\" alt='newPark Produzierende Industrie &amp; gewerbliche Unternehmen als Zulieferer (ab 3 Hektar)' title='newPark Produzierende Industrie &amp; gewerbliche Unternehmen als Zulieferer (ab 3 Hektar)' height=\"437\" width=\"1030\"  itemprop=\"thumbnailUrl\" srcset=\"https:\/\/www.newpark.de\/wp-content\/uploads\/2022\/02\/2022-02-01-slider-plaene_ENGL7-1030x437.jpg 1030w, https:\/\/www.newpark.de\/wp-content\/uploads\/2022\/02\/2022-02-01-slider-plaene_ENGL7-300x127.jpg 300w, https:\/\/www.newpark.de\/wp-content\/uploads\/2022\/02\/2022-02-01-slider-plaene_ENGL7-768x326.jpg 768w, https:\/\/www.newpark.de\/wp-content\/uploads\/2022\/02\/2022-02-01-slider-plaene_ENGL7-1500x636.jpg 1500w, https:\/\/www.newpark.de\/wp-content\/uploads\/2022\/02\/2022-02-01-slider-plaene_ENGL7-705x299.jpg 705w, https:\/\/www.newpark.de\/wp-content\/uploads\/2022\/02\/2022-02-01-slider-plaene_ENGL7.jpg 1510w\" sizes=\"(max-width: 1030px) 100vw, 1030px\" \/><\/div><\/div><\/div><\/p><\/div><\/div><\/div><\/div><!-- close content main div --><\/div><div class='av-extra-border-element border-extra-arrow-down'><div class='av-extra-border-outer'><div class='av-extra-border-inner'  style='background-color:#ffffff;' ><\/div><\/div><\/div><\/div><div id='after_section_1'  class='main_color av_default_container_wrap container_wrap fullsize' style=' '  ><div class='container' ><div class='template-page content  av-content-full alpha units'><div class='post-entry post-entry-type-page post-entry-2831'><div class='entry-content-wrapper clearfix'><div class=\"flex_column av_one_third  flex_column_div av-zero-column-padding first  avia-builder-el-7  el_after_av_section  el_before_av_one_third  avia-builder-el-first  \" style='border-radius:0px; '><div  class='avia-image-container  av-styling-    avia-builder-el-8  avia-builder-el-no-sibling  avia-align-center '  itemprop=\"image\" itemscope=\"itemscope\" itemtype=\"https:\/\/schema.org\/ImageObject\"  ><div class='avia-image-container-inner'><div class='avia-image-overlay-wrap'><a href='https:\/\/www.wirtschaft.nrw\/' class='avia_image' target=\"_blank\" rel=\"noopener noreferrer\"><img decoding=\"async\" width=\"1574\" height=\"652\" class='wp-image-2661 avia-img-lazy-loading-not-2661 avia_image' src=\"https:\/\/www.newpark.de\/wp-content\/uploads\/2021\/03\/nrw-mweimh-logo_2018_web-2.jpg\" alt='Logo Ministerium f\u00fcr Wirtschaft, Innovation, Digitalisierung und Energie des Landes Nordrhein-Westfalen' title='Logo Ministerium f\u00fcr Wirtschaft, Innovation, Digitalisierung und Energie des Landes Nordrhein-Westfalen'  itemprop=\"thumbnailUrl\" srcset=\"https:\/\/www.newpark.de\/wp-content\/uploads\/2021\/03\/nrw-mweimh-logo_2018_web-2.jpg 1574w, https:\/\/www.newpark.de\/wp-content\/uploads\/2021\/03\/nrw-mweimh-logo_2018_web-2-300x124.jpg 300w, https:\/\/www.newpark.de\/wp-content\/uploads\/2021\/03\/nrw-mweimh-logo_2018_web-2-1030x427.jpg 1030w, https:\/\/www.newpark.de\/wp-content\/uploads\/2021\/03\/nrw-mweimh-logo_2018_web-2-768x318.jpg 768w, https:\/\/www.newpark.de\/wp-content\/uploads\/2021\/03\/nrw-mweimh-logo_2018_web-2-1536x636.jpg 1536w, https:\/\/www.newpark.de\/wp-content\/uploads\/2021\/03\/nrw-mweimh-logo_2018_web-2-1500x621.jpg 1500w, https:\/\/www.newpark.de\/wp-content\/uploads\/2021\/03\/nrw-mweimh-logo_2018_web-2-705x292.jpg 705w\" sizes=\"(max-width: 1574px) 100vw, 1574px\" \/><\/a><\/div><\/div><\/div><\/div><\/p>\n<div class=\"flex_column av_one_third  flex_column_div av-zero-column-padding   avia-builder-el-9  el_after_av_one_third  el_before_av_one_third  \" style='border-radius:0px; '><div  class='avia-image-container  av-styling-    avia-builder-el-10  avia-builder-el-no-sibling  avia-align-center '  itemprop=\"image\" itemscope=\"itemscope\" itemtype=\"https:\/\/schema.org\/ImageObject\"  ><div class='avia-image-container-inner'><div class='avia-image-overlay-wrap'><a href='https:\/\/www.bmwi.de\/Navigation\/DE\/Home\/home.html' class='avia_image' target=\"_blank\" rel=\"noopener noreferrer\"><img decoding=\"async\" width=\"555\" height=\"230\" class='wp-image-2660 avia-img-lazy-loading-not-2660 avia_image' src=\"https:\/\/www.newpark.de\/wp-content\/uploads\/2021\/03\/csm_BMWi_4C_Gef_de_60ce499243.jpg\" alt='Logo Bundesministerium f\u00fcr Wirtschaft und Energie' title='Logo Bundesministerium f\u00fcr Wirtschaft und Energie'  itemprop=\"thumbnailUrl\" srcset=\"https:\/\/www.newpark.de\/wp-content\/uploads\/2021\/03\/csm_BMWi_4C_Gef_de_60ce499243.jpg 555w, https:\/\/www.newpark.de\/wp-content\/uploads\/2021\/03\/csm_BMWi_4C_Gef_de_60ce499243-300x124.jpg 300w\" sizes=\"(max-width: 555px) 100vw, 555px\" \/><\/a><\/div><\/div><\/div><\/div>\n<div class=\"flex_column av_one_third  flex_column_div av-zero-column-padding   avia-builder-el-11  el_after_av_one_third  avia-builder-el-last  \" style='border-radius:0px; '><div  class='avia-image-container  av-styling-    avia-builder-el-12  avia-builder-el-no-sibling  avia-align-center '  itemprop=\"image\" itemscope=\"itemscope\" itemtype=\"https:\/\/schema.org\/ImageObject\"  ><div class='avia-image-container-inner'><div class='avia-image-overlay-wrap'><a href='https:\/\/europa.eu\/european-union\/index_de' class='avia_image' target=\"_blank\" rel=\"noopener noreferrer\"><img decoding=\"async\" width=\"300\" height=\"69\" class='wp-image-2669 avia-img-lazy-loading-not-2669 avia_image' src=\"https:\/\/www.newpark.de\/wp-content\/uploads\/2021\/04\/EFRE_Foerderhinweis_deutsch_farbig-300x69.jpg\" alt='Logo Europ\u00e4ische Union Investition in unsere Zukunft Europ\u00e4ischer Fonds f\u00fcr regionale Entwicklung' title='Logo Europ\u00e4ische Union Investition in unsere Zukunft Europ\u00e4ischer Fonds f\u00fcr regionale Entwicklung'  itemprop=\"thumbnailUrl\" srcset=\"https:\/\/www.newpark.de\/wp-content\/uploads\/2021\/04\/EFRE_Foerderhinweis_deutsch_farbig-300x69.jpg 300w, https:\/\/www.newpark.de\/wp-content\/uploads\/2021\/04\/EFRE_Foerderhinweis_deutsch_farbig-1030x237.jpg 1030w, https:\/\/www.newpark.de\/wp-content\/uploads\/2021\/04\/EFRE_Foerderhinweis_deutsch_farbig-768x176.jpg 768w, https:\/\/www.newpark.de\/wp-content\/uploads\/2021\/04\/EFRE_Foerderhinweis_deutsch_farbig-1536x353.jpg 1536w, https:\/\/www.newpark.de\/wp-content\/uploads\/2021\/04\/EFRE_Foerderhinweis_deutsch_farbig-2048x471.jpg 2048w, https:\/\/www.newpark.de\/wp-content\/uploads\/2021\/04\/EFRE_Foerderhinweis_deutsch_farbig-1500x345.jpg 1500w, https:\/\/www.newpark.de\/wp-content\/uploads\/2021\/04\/EFRE_Foerderhinweis_deutsch_farbig-705x162.jpg 705w\" sizes=\"(max-width: 300px) 100vw, 300px\" \/><\/a><\/div><\/div><\/div><\/div>\n","protected":false},"excerpt":{"rendered":"","protected":false},"author":1,"featured_media":0,"parent":2766,"menu_order":0,"comment_status":"closed","ping_status":"closed","template":"","meta":{"footnotes":""},"class_list":["post-2831","page","type-page","status-publish","hentry"],"yoast_head":"<!-- This site is optimized with the Yoast SEO plugin v26.6 - https:\/\/yoast.com\/wordpress\/plugins\/seo\/ -->\n<title>Areas for Light Industry - From 3 hectares - Newpark Datteln<\/title>\n<meta name=\"robots\" content=\"index, follow, max-snippet:-1, max-image-preview:large, max-video-preview:-1\" \/>\n<link rel=\"canonical\" href=\"https:\/\/www.newpark.de\/en\/areas\/from-3-hectares\/\" \/>\n<meta property=\"og:locale\" content=\"en_US\" \/>\n<meta property=\"og:type\" content=\"article\" \/>\n<meta property=\"og:title\" content=\"Areas for Light Industry - From 3 hectares - Newpark Datteln\" \/>\n<meta property=\"og:url\" content=\"https:\/\/www.newpark.de\/en\/areas\/from-3-hectares\/\" \/>\n<meta property=\"og:site_name\" content=\"Newpark Datteln\" \/>\n<meta property=\"article:modified_time\" content=\"2022-02-01T10:28:16+00:00\" \/>\n<meta name=\"twitter:card\" content=\"summary_large_image\" \/>\n<meta name=\"twitter:label1\" content=\"Est. reading time\" \/>\n\t<meta name=\"twitter:data1\" content=\"4 minutes\" \/>\n<script type=\"application\/ld+json\" class=\"yoast-schema-graph\">{\"@context\":\"https:\/\/schema.org\",\"@graph\":[{\"@type\":\"WebPage\",\"@id\":\"https:\/\/www.newpark.de\/en\/areas\/from-3-hectares\/\",\"url\":\"https:\/\/www.newpark.de\/en\/areas\/from-3-hectares\/\",\"name\":\"Areas for Light Industry - From 3 hectares - Newpark Datteln\",\"isPartOf\":{\"@id\":\"https:\/\/www.newpark.de\/en\/#website\"},\"datePublished\":\"2022-01-25T14:50:53+00:00\",\"dateModified\":\"2022-02-01T10:28:16+00:00\",\"breadcrumb\":{\"@id\":\"https:\/\/www.newpark.de\/en\/areas\/from-3-hectares\/#breadcrumb\"},\"inLanguage\":\"en-US\",\"potentialAction\":[{\"@type\":\"ReadAction\",\"target\":[\"https:\/\/www.newpark.de\/en\/areas\/from-3-hectares\/\"]}]},{\"@type\":\"BreadcrumbList\",\"@id\":\"https:\/\/www.newpark.de\/en\/areas\/from-3-hectares\/#breadcrumb\",\"itemListElement\":[{\"@type\":\"ListItem\",\"position\":1,\"name\":\"Home\",\"item\":\"https:\/\/www.newpark.de\/en\/profil\/\"},{\"@type\":\"ListItem\",\"position\":2,\"name\":\"AREAS\",\"item\":\"https:\/\/www.newpark.de\/en\/areas\/\"},{\"@type\":\"ListItem\",\"position\":3,\"name\":\"From 3 hectares\"}]},{\"@type\":\"WebSite\",\"@id\":\"https:\/\/www.newpark.de\/en\/#website\",\"url\":\"https:\/\/www.newpark.de\/en\/\",\"name\":\"Newpark Datteln\",\"description\":\"\",\"potentialAction\":[{\"@type\":\"SearchAction\",\"target\":{\"@type\":\"EntryPoint\",\"urlTemplate\":\"https:\/\/www.newpark.de\/en\/?s={search_term_string}\"},\"query-input\":{\"@type\":\"PropertyValueSpecification\",\"valueRequired\":true,\"valueName\":\"search_term_string\"}}],\"inLanguage\":\"en-US\"}]}<\/script>\n<!-- \/ Yoast SEO plugin. -->","yoast_head_json":{"title":"Areas for Light Industry - From 3 hectares - Newpark Datteln","robots":{"index":"index","follow":"follow","max-snippet":"max-snippet:-1","max-image-preview":"max-image-preview:large","max-video-preview":"max-video-preview:-1"},"canonical":"https:\/\/www.newpark.de\/en\/areas\/from-3-hectares\/","og_locale":"en_US","og_type":"article","og_title":"Areas for Light Industry - From 3 hectares - Newpark Datteln","og_url":"https:\/\/www.newpark.de\/en\/areas\/from-3-hectares\/","og_site_name":"Newpark Datteln","article_modified_time":"2022-02-01T10:28:16+00:00","twitter_card":"summary_large_image","twitter_misc":{"Est. reading time":"4 minutes"},"schema":{"@context":"https:\/\/schema.org","@graph":[{"@type":"WebPage","@id":"https:\/\/www.newpark.de\/en\/areas\/from-3-hectares\/","url":"https:\/\/www.newpark.de\/en\/areas\/from-3-hectares\/","name":"Areas for Light Industry - From 3 hectares - Newpark Datteln","isPartOf":{"@id":"https:\/\/www.newpark.de\/en\/#website"},"datePublished":"2022-01-25T14:50:53+00:00","dateModified":"2022-02-01T10:28:16+00:00","breadcrumb":{"@id":"https:\/\/www.newpark.de\/en\/areas\/from-3-hectares\/#breadcrumb"},"inLanguage":"en-US","potentialAction":[{"@type":"ReadAction","target":["https:\/\/www.newpark.de\/en\/areas\/from-3-hectares\/"]}]},{"@type":"BreadcrumbList","@id":"https:\/\/www.newpark.de\/en\/areas\/from-3-hectares\/#breadcrumb","itemListElement":[{"@type":"ListItem","position":1,"name":"Home","item":"https:\/\/www.newpark.de\/en\/profil\/"},{"@type":"ListItem","position":2,"name":"AREAS","item":"https:\/\/www.newpark.de\/en\/areas\/"},{"@type":"ListItem","position":3,"name":"From 3 hectares"}]},{"@type":"WebSite","@id":"https:\/\/www.newpark.de\/en\/#website","url":"https:\/\/www.newpark.de\/en\/","name":"Newpark Datteln","description":"","potentialAction":[{"@type":"SearchAction","target":{"@type":"EntryPoint","urlTemplate":"https:\/\/www.newpark.de\/en\/?s={search_term_string}"},"query-input":{"@type":"PropertyValueSpecification","valueRequired":true,"valueName":"search_term_string"}}],"inLanguage":"en-US"}]}},"_links":{"self":[{"href":"https:\/\/www.newpark.de\/en\/wp-json\/wp\/v2\/pages\/2831","targetHints":{"allow":["GET"]}}],"collection":[{"href":"https:\/\/www.newpark.de\/en\/wp-json\/wp\/v2\/pages"}],"about":[{"href":"https:\/\/www.newpark.de\/en\/wp-json\/wp\/v2\/types\/page"}],"author":[{"embeddable":true,"href":"https:\/\/www.newpark.de\/en\/wp-json\/wp\/v2\/users\/1"}],"replies":[{"embeddable":true,"href":"https:\/\/www.newpark.de\/en\/wp-json\/wp\/v2\/comments?post=2831"}],"version-history":[{"count":10,"href":"https:\/\/www.newpark.de\/en\/wp-json\/wp\/v2\/pages\/2831\/revisions"}],"predecessor-version":[{"id":3208,"href":"https:\/\/www.newpark.de\/en\/wp-json\/wp\/v2\/pages\/2831\/revisions\/3208"}],"up":[{"embeddable":true,"href":"https:\/\/www.newpark.de\/en\/wp-json\/wp\/v2\/pages\/2766"}],"wp:attachment":[{"href":"https:\/\/www.newpark.de\/en\/wp-json\/wp\/v2\/media?parent=2831"}],"curies":[{"name":"wp","href":"https:\/\/api.w.org\/{rel}","templated":true}]}}