{"id":2743,"date":"2022-01-24T15:29:30","date_gmt":"2022-01-24T14:29:30","guid":{"rendered":"https:\/\/www.newpark.de\/protection-of-species\/"},"modified":"2022-02-01T11:30:31","modified_gmt":"2022-02-01T10:30:31","slug":"conservation-of-species","status":"publish","type":"page","link":"https:\/\/www.newpark.de\/en\/environment-climate\/conservation-of-species\/","title":{"rendered":"conservation of species"},"content":{"rendered":"<div id='full_slider_1'  class='avia-fullwidth-slider main_color avia-shadow   avia-builder-el-0  el_before_av_section  avia-builder-el-first   container_wrap fullsize' style=' '  ><div   data-size='featured_large'  data-lightbox_size='large'  data-animation='fade'  data-conditional_play=''  data-ids='3112'  data-video_counter='0'  data-autoplay='true'  data-bg_slider='false'  data-slide_height=''  data-handle='av_slideshow_full'  data-interval='7'  data-class=' '  data-el_id=''  data-css_id=''  data-scroll_down=''  data-control_layout='av-control-hidden'  data-custom_markup=''  data-perma_caption=''  data-autoplay_stopper=''  data-image_attachment=''  data-min_height='0px'  data-lazy_loading='disabled'  data-src=''  data-position='top left'  data-repeat='no-repeat'  data-attach='scroll'  data-stretch=''  data-default-height='42'  class='avia-slideshow avia-slideshow-1  av-control-hidden av-default-height-applied avia-slideshow-featured_large av_slideshow_full   avia-fade-slider '  itemprop=\"image\" itemscope=\"itemscope\" itemtype=\"https:\/\/schema.org\/ImageObject\" ><ul class='avia-slideshow-inner ' style='padding-bottom: 42%;' ><li  class=' av-single-slide slide-1 ' ><div data-rel='slideshow-1' class='avia-slide-wrap '   ><img decoding=\"async\" class=\"wp-image-3112 avia-img-lazy-loading-not-3112\"  src=\"https:\/\/www.newpark.de\/wp-content\/uploads\/2022\/02\/2022-02-01-header_ENGL_1500x6307-1500x630.jpg\" width=\"1500\" height=\"630\" title='Biodiversity and conservation at the newPark.' alt='Biodiversity and conservation at the newPark.'  itemprop=\"thumbnailUrl\" srcset=\"https:\/\/www.newpark.de\/wp-content\/uploads\/2022\/02\/2022-02-01-header_ENGL_1500x6307-1500x630.jpg 1500w, https:\/\/www.newpark.de\/wp-content\/uploads\/2022\/02\/2022-02-01-header_ENGL_1500x6307-300x127.jpg 300w\" sizes=\"(max-width: 1500px) 100vw, 1500px\" \/><\/div><\/li><\/ul><\/div><\/div>\n<div id='av_section_1'  class='avia-section main_color avia-section-huge avia-no-border-styling  avia-bg-style-scroll  avia-builder-el-1  el_after_av_slideshow_full  el_before_av_one_third   av-arrow-down-section container_wrap fullsize' style=' '  ><div class='container' ><div class='template-page content  av-content-full alpha units'><div class='post-entry post-entry-type-page post-entry-2743'><div class='entry-content-wrapper clearfix'>\n<div class=\"flex_column av_one_full  flex_column_div first  avia-builder-el-2  el_before_av_one_full  avia-builder-el-first  \" style='margin-top:-200px; margin-bottom:0px; padding:30px; background-color:#ffffff; border-radius:0px; '><div  style='padding-bottom:20px; font-size:40px;' class='av-special-heading av-special-heading-h1  blockquote modern-quote modern-centered  avia-builder-el-3  avia-builder-el-no-sibling  av-inherit-size '><h1 class='av-special-heading-tag '  itemprop=\"headline\"  >In harmony with nature &#8211; species conservation at the newPark<\/h1><div class='special-heading-border'><div class='special-heading-inner-border' ><\/div><\/div><\/div><\/div><div class=\"flex_column av_one_full  av-animated-generic bottom-to-top  flex_column_div av-zero-column-padding first  avia-builder-el-4  el_after_av_one_full  avia-builder-el-last  column-top-margin\" style='margin-top:-60px; margin-bottom:0px; border-radius:0px; '><section class=\"av_textblock_section \"  itemscope=\"itemscope\" itemtype=\"https:\/\/schema.org\/CreativeWork\" ><div class='avia_textblock  '   itemprop=\"text\" ><p>The newPark site is located in a valuable landscape area with the Lippe floodplain to the north and the Schwarzbach floodplain to the south. The habitats of animals and investments will be protected and preserved as far as possible. More than 60 percent of the commercial area will remain green. Thus, the existing wooded areas will be preserved and supplemented as far as possible. Landscape elements of particular ecological value &#8211; especially the existing forest-like structures or the existing lime tree avenue &#8211; will be preserved and form important biotope networks within the industrial area. They will be further developed and used for the landscape reference and image formation of the new industrial area.<\/p>\n<p>In order to protect the valuable landscape of the Lippe floodplain, the industrial location will be greened in the north by a wide planted earthen embankment. To the south, the industrial estate opens up to the renaturalised Schwarzbach stream. In addition, the areas along the Schwarzbach will be used for rainwater retention and treatment.<\/p>\n<p>As a rule, the existing water bodies will be preserved and further developed. Similarly, a valuable tree population has been integrated into the planning in specific areas.<\/p>\n<p><em><strong>Sources: <\/strong><\/em><em>Report &#8216;Fortschreibung des st\u00e4dtebaulichen Rahmenplans&#8217;, Planungsgruppe Berlin GmbH\/Christine Edmaier ; Report &#8216;newPark &#8211; Visionen und Gestaltungsleitlinien&#8217;, Freie Planungsgruppe Berlin GmbH\/Christine Edmaier und Mueller und Partner<\/em><\/p>\n<\/div><\/section><\/div>\n<\/div><\/div><\/div><!-- close content main div --><\/div><div class='av-extra-border-element border-extra-arrow-down'><div class='av-extra-border-outer'><div class='av-extra-border-inner'  style='background-color:#ffffff;' ><\/div><\/div><\/div><\/div><div id='after_section_1'  class='main_color av_default_container_wrap container_wrap fullsize' style=' '  ><div class='container' ><div class='template-page content  av-content-full alpha units'><div class='post-entry post-entry-type-page post-entry-2743'><div class='entry-content-wrapper clearfix'>\n<div class=\"flex_column av_one_third  flex_column_div av-zero-column-padding first  avia-builder-el-6  el_after_av_section  el_before_av_one_third  avia-builder-el-first  \" style='border-radius:0px; '><div  class='avia-image-container  av-styling-    avia-builder-el-7  avia-builder-el-no-sibling  avia-align-center '  itemprop=\"image\" itemscope=\"itemscope\" itemtype=\"https:\/\/schema.org\/ImageObject\"  ><div class='avia-image-container-inner'><div class='avia-image-overlay-wrap'><a href='https:\/\/www.wirtschaft.nrw\/' class='avia_image' target=\"_blank\" rel=\"noopener noreferrer\"><img decoding=\"async\" width=\"1574\" height=\"652\" class='wp-image-2661 avia-img-lazy-loading-not-2661 avia_image' src=\"https:\/\/www.newpark.de\/wp-content\/uploads\/2021\/03\/nrw-mweimh-logo_2018_web-2.jpg\" alt='Logo Ministerium f\u00fcr Wirtschaft, Innovation, Digitalisierung und Energie des Landes Nordrhein-Westfalen' title='Logo Ministerium f\u00fcr Wirtschaft, Innovation, Digitalisierung und Energie des Landes Nordrhein-Westfalen'  itemprop=\"thumbnailUrl\" srcset=\"https:\/\/www.newpark.de\/wp-content\/uploads\/2021\/03\/nrw-mweimh-logo_2018_web-2.jpg 1574w, https:\/\/www.newpark.de\/wp-content\/uploads\/2021\/03\/nrw-mweimh-logo_2018_web-2-300x124.jpg 300w, https:\/\/www.newpark.de\/wp-content\/uploads\/2021\/03\/nrw-mweimh-logo_2018_web-2-1030x427.jpg 1030w, https:\/\/www.newpark.de\/wp-content\/uploads\/2021\/03\/nrw-mweimh-logo_2018_web-2-768x318.jpg 768w, https:\/\/www.newpark.de\/wp-content\/uploads\/2021\/03\/nrw-mweimh-logo_2018_web-2-1536x636.jpg 1536w, https:\/\/www.newpark.de\/wp-content\/uploads\/2021\/03\/nrw-mweimh-logo_2018_web-2-1500x621.jpg 1500w, https:\/\/www.newpark.de\/wp-content\/uploads\/2021\/03\/nrw-mweimh-logo_2018_web-2-705x292.jpg 705w\" sizes=\"(max-width: 1574px) 100vw, 1574px\" \/><\/a><\/div><\/div><\/div><\/div>\n<div class=\"flex_column av_one_third  flex_column_div av-zero-column-padding   avia-builder-el-8  el_after_av_one_third  el_before_av_one_third  \" style='border-radius:0px; '><div  class='avia-image-container  av-styling-    avia-builder-el-9  avia-builder-el-no-sibling  avia-align-center '  itemprop=\"image\" itemscope=\"itemscope\" itemtype=\"https:\/\/schema.org\/ImageObject\"  ><div class='avia-image-container-inner'><div class='avia-image-overlay-wrap'><a href='https:\/\/www.bmwi.de\/Navigation\/DE\/Home\/home.html' class='avia_image' target=\"_blank\" rel=\"noopener noreferrer\"><img decoding=\"async\" width=\"555\" height=\"230\" class='wp-image-2660 avia-img-lazy-loading-not-2660 avia_image' src=\"https:\/\/www.newpark.de\/wp-content\/uploads\/2021\/03\/csm_BMWi_4C_Gef_de_60ce499243.jpg\" alt='Logo Bundesministerium f\u00fcr Wirtschaft und Energie' title='Logo Bundesministerium f\u00fcr Wirtschaft und Energie'  itemprop=\"thumbnailUrl\" srcset=\"https:\/\/www.newpark.de\/wp-content\/uploads\/2021\/03\/csm_BMWi_4C_Gef_de_60ce499243.jpg 555w, https:\/\/www.newpark.de\/wp-content\/uploads\/2021\/03\/csm_BMWi_4C_Gef_de_60ce499243-300x124.jpg 300w\" sizes=\"(max-width: 555px) 100vw, 555px\" \/><\/a><\/div><\/div><\/div><\/div>\n<div class=\"flex_column av_one_third  flex_column_div av-zero-column-padding   avia-builder-el-10  el_after_av_one_third  avia-builder-el-last  \" style='border-radius:0px; '><div  class='avia-image-container  av-styling-    avia-builder-el-11  avia-builder-el-no-sibling  avia-align-center '  itemprop=\"image\" itemscope=\"itemscope\" itemtype=\"https:\/\/schema.org\/ImageObject\"  ><div class='avia-image-container-inner'><div class='avia-image-overlay-wrap'><a href='https:\/\/europa.eu\/european-union\/index_de' class='avia_image' target=\"_blank\" rel=\"noopener noreferrer\"><img decoding=\"async\" width=\"1574\" height=\"652\" class='wp-image-2663 avia-img-lazy-loading-not-2663 avia_image' src=\"https:\/\/www.newpark.de\/wp-content\/uploads\/2021\/03\/Europeaische_Union_web-1.jpg\" alt='Logo Europ\u00e4ische Union Investition in unsere Zukunft Europ\u00e4ischer Fonds f\u00fcr regionale Entwicklung' title='Logo Europ\u00e4ische Union Investition in unsere Zukunft Europ\u00e4ischer Fonds f\u00fcr regionale Entwicklung'  itemprop=\"thumbnailUrl\" srcset=\"https:\/\/www.newpark.de\/wp-content\/uploads\/2021\/03\/Europeaische_Union_web-1.jpg 1574w, https:\/\/www.newpark.de\/wp-content\/uploads\/2021\/03\/Europeaische_Union_web-1-300x124.jpg 300w, https:\/\/www.newpark.de\/wp-content\/uploads\/2021\/03\/Europeaische_Union_web-1-1030x427.jpg 1030w, https:\/\/www.newpark.de\/wp-content\/uploads\/2021\/03\/Europeaische_Union_web-1-768x318.jpg 768w, https:\/\/www.newpark.de\/wp-content\/uploads\/2021\/03\/Europeaische_Union_web-1-1536x636.jpg 1536w, https:\/\/www.newpark.de\/wp-content\/uploads\/2021\/03\/Europeaische_Union_web-1-1500x621.jpg 1500w, https:\/\/www.newpark.de\/wp-content\/uploads\/2021\/03\/Europeaische_Union_web-1-705x292.jpg 705w\" sizes=\"(max-width: 1574px) 100vw, 1574px\" \/><\/a><\/div><\/div><\/div><\/div>\n","protected":false},"excerpt":{"rendered":"","protected":false},"author":1,"featured_media":0,"parent":2865,"menu_order":0,"comment_status":"closed","ping_status":"closed","template":"","meta":{"footnotes":""},"class_list":["post-2743","page","type-page","status-publish","hentry"],"yoast_head":"<!-- This site is optimized with the Yoast SEO plugin v26.6 - https:\/\/yoast.com\/wordpress\/plugins\/seo\/ -->\n<title>Conservation of animals and nature in the newPark - conservation of species - Newpark Datteln<\/title>\n<meta name=\"robots\" content=\"index, follow, max-snippet:-1, max-image-preview:large, max-video-preview:-1\" \/>\n<link rel=\"canonical\" href=\"https:\/\/www.newpark.de\/en\/environment-climate\/conservation-of-species\/\" \/>\n<meta property=\"og:locale\" content=\"en_US\" \/>\n<meta property=\"og:type\" content=\"article\" \/>\n<meta property=\"og:title\" content=\"Conservation of animals and nature in the newPark - conservation of species - Newpark Datteln\" \/>\n<meta property=\"og:url\" content=\"https:\/\/www.newpark.de\/en\/environment-climate\/conservation-of-species\/\" \/>\n<meta property=\"og:site_name\" content=\"Newpark Datteln\" \/>\n<meta property=\"article:modified_time\" content=\"2022-02-01T10:30:31+00:00\" \/>\n<meta name=\"twitter:card\" content=\"summary_large_image\" \/>\n<meta name=\"twitter:label1\" content=\"Est. reading time\" \/>\n\t<meta name=\"twitter:data1\" content=\"4 minutes\" \/>\n<script type=\"application\/ld+json\" class=\"yoast-schema-graph\">{\"@context\":\"https:\/\/schema.org\",\"@graph\":[{\"@type\":\"WebPage\",\"@id\":\"https:\/\/www.newpark.de\/en\/environment-climate\/conservation-of-species\/\",\"url\":\"https:\/\/www.newpark.de\/en\/environment-climate\/conservation-of-species\/\",\"name\":\"Conservation of animals and nature in the newPark - conservation of species - Newpark Datteln\",\"isPartOf\":{\"@id\":\"https:\/\/www.newpark.de\/en\/#website\"},\"datePublished\":\"2022-01-24T14:29:30+00:00\",\"dateModified\":\"2022-02-01T10:30:31+00:00\",\"breadcrumb\":{\"@id\":\"https:\/\/www.newpark.de\/en\/environment-climate\/conservation-of-species\/#breadcrumb\"},\"inLanguage\":\"en-US\",\"potentialAction\":[{\"@type\":\"ReadAction\",\"target\":[\"https:\/\/www.newpark.de\/en\/environment-climate\/conservation-of-species\/\"]}]},{\"@type\":\"BreadcrumbList\",\"@id\":\"https:\/\/www.newpark.de\/en\/environment-climate\/conservation-of-species\/#breadcrumb\",\"itemListElement\":[{\"@type\":\"ListItem\",\"position\":1,\"name\":\"Home\",\"item\":\"https:\/\/www.newpark.de\/en\/profil\/\"},{\"@type\":\"ListItem\",\"position\":2,\"name\":\"ENVIRONMENT &#038; CLIMATE\",\"item\":\"https:\/\/www.newpark.de\/en\/environment-climate\/\"},{\"@type\":\"ListItem\",\"position\":3,\"name\":\"conservation of species\"}]},{\"@type\":\"WebSite\",\"@id\":\"https:\/\/www.newpark.de\/en\/#website\",\"url\":\"https:\/\/www.newpark.de\/en\/\",\"name\":\"Newpark Datteln\",\"description\":\"\",\"potentialAction\":[{\"@type\":\"SearchAction\",\"target\":{\"@type\":\"EntryPoint\",\"urlTemplate\":\"https:\/\/www.newpark.de\/en\/?s={search_term_string}\"},\"query-input\":{\"@type\":\"PropertyValueSpecification\",\"valueRequired\":true,\"valueName\":\"search_term_string\"}}],\"inLanguage\":\"en-US\"}]}<\/script>\n<!-- \/ Yoast SEO plugin. -->","yoast_head_json":{"title":"Conservation of animals and nature in the newPark - conservation of species - Newpark Datteln","robots":{"index":"index","follow":"follow","max-snippet":"max-snippet:-1","max-image-preview":"max-image-preview:large","max-video-preview":"max-video-preview:-1"},"canonical":"https:\/\/www.newpark.de\/en\/environment-climate\/conservation-of-species\/","og_locale":"en_US","og_type":"article","og_title":"Conservation of animals and nature in the newPark - conservation of species - Newpark Datteln","og_url":"https:\/\/www.newpark.de\/en\/environment-climate\/conservation-of-species\/","og_site_name":"Newpark Datteln","article_modified_time":"2022-02-01T10:30:31+00:00","twitter_card":"summary_large_image","twitter_misc":{"Est. reading time":"4 minutes"},"schema":{"@context":"https:\/\/schema.org","@graph":[{"@type":"WebPage","@id":"https:\/\/www.newpark.de\/en\/environment-climate\/conservation-of-species\/","url":"https:\/\/www.newpark.de\/en\/environment-climate\/conservation-of-species\/","name":"Conservation of animals and nature in the newPark - conservation of species - Newpark Datteln","isPartOf":{"@id":"https:\/\/www.newpark.de\/en\/#website"},"datePublished":"2022-01-24T14:29:30+00:00","dateModified":"2022-02-01T10:30:31+00:00","breadcrumb":{"@id":"https:\/\/www.newpark.de\/en\/environment-climate\/conservation-of-species\/#breadcrumb"},"inLanguage":"en-US","potentialAction":[{"@type":"ReadAction","target":["https:\/\/www.newpark.de\/en\/environment-climate\/conservation-of-species\/"]}]},{"@type":"BreadcrumbList","@id":"https:\/\/www.newpark.de\/en\/environment-climate\/conservation-of-species\/#breadcrumb","itemListElement":[{"@type":"ListItem","position":1,"name":"Home","item":"https:\/\/www.newpark.de\/en\/profil\/"},{"@type":"ListItem","position":2,"name":"ENVIRONMENT &#038; CLIMATE","item":"https:\/\/www.newpark.de\/en\/environment-climate\/"},{"@type":"ListItem","position":3,"name":"conservation of species"}]},{"@type":"WebSite","@id":"https:\/\/www.newpark.de\/en\/#website","url":"https:\/\/www.newpark.de\/en\/","name":"Newpark Datteln","description":"","potentialAction":[{"@type":"SearchAction","target":{"@type":"EntryPoint","urlTemplate":"https:\/\/www.newpark.de\/en\/?s={search_term_string}"},"query-input":{"@type":"PropertyValueSpecification","valueRequired":true,"valueName":"search_term_string"}}],"inLanguage":"en-US"}]}},"_links":{"self":[{"href":"https:\/\/www.newpark.de\/en\/wp-json\/wp\/v2\/pages\/2743","targetHints":{"allow":["GET"]}}],"collection":[{"href":"https:\/\/www.newpark.de\/en\/wp-json\/wp\/v2\/pages"}],"about":[{"href":"https:\/\/www.newpark.de\/en\/wp-json\/wp\/v2\/types\/page"}],"author":[{"embeddable":true,"href":"https:\/\/www.newpark.de\/en\/wp-json\/wp\/v2\/users\/1"}],"replies":[{"embeddable":true,"href":"https:\/\/www.newpark.de\/en\/wp-json\/wp\/v2\/comments?post=2743"}],"version-history":[{"count":10,"href":"https:\/\/www.newpark.de\/en\/wp-json\/wp\/v2\/pages\/2743\/revisions"}],"predecessor-version":[{"id":3214,"href":"https:\/\/www.newpark.de\/en\/wp-json\/wp\/v2\/pages\/2743\/revisions\/3214"}],"up":[{"embeddable":true,"href":"https:\/\/www.newpark.de\/en\/wp-json\/wp\/v2\/pages\/2865"}],"wp:attachment":[{"href":"https:\/\/www.newpark.de\/en\/wp-json\/wp\/v2\/media?parent=2743"}],"curies":[{"name":"wp","href":"https:\/\/api.w.org\/{rel}","templated":true}]}}