{"id":2735,"date":"2022-01-24T15:28:49","date_gmt":"2022-01-24T14:28:49","guid":{"rendered":"https:\/\/www.newpark.de\/open-space-concept\/"},"modified":"2022-02-01T11:32:12","modified_gmt":"2022-02-01T10:32:12","slug":"open-space-concept","status":"publish","type":"page","link":"https:\/\/www.newpark.de\/en\/environment-climate\/open-space-concept\/","title":{"rendered":"open space concept"},"content":{"rendered":"<div id='full_slider_1'  class='avia-fullwidth-slider main_color avia-shadow   avia-builder-el-0  el_before_av_section  avia-builder-el-first   container_wrap fullsize' style=' '  ><div   data-size='featured_large'  data-lightbox_size='large'  data-animation='fade'  data-conditional_play=''  data-ids='3106'  data-video_counter='0'  data-autoplay='true'  data-bg_slider='false'  data-slide_height=''  data-handle='av_slideshow_full'  data-interval='7'  data-class=' '  data-el_id=''  data-css_id=''  data-scroll_down=''  data-control_layout='av-control-hidden'  data-custom_markup=''  data-perma_caption=''  data-autoplay_stopper=''  data-image_attachment=''  data-min_height='0px'  data-lazy_loading='disabled'  data-src=''  data-position='top left'  data-repeat='no-repeat'  data-attach='scroll'  data-stretch=''  data-default-height='42'  class='avia-slideshow avia-slideshow-1  av-control-hidden av-default-height-applied avia-slideshow-featured_large av_slideshow_full   avia-fade-slider '  itemprop=\"image\" itemscope=\"itemscope\" itemtype=\"https:\/\/schema.org\/ImageObject\" ><ul class='avia-slideshow-inner ' style='padding-bottom: 42%;' ><li  class=' av-single-slide slide-1 ' ><div data-rel='slideshow-1' class='avia-slide-wrap '   ><img decoding=\"async\" class=\"wp-image-3106 avia-img-lazy-loading-not-3106\"  src=\"https:\/\/www.newpark.de\/wp-content\/uploads\/2022\/02\/2022-02-01-header_ENGL_1500x63025-1500x630.jpg\" width=\"1500\" height=\"630\" title='Park-like landscapes in the newPark.' alt='Park-like landscapes in the newPark.'  itemprop=\"thumbnailUrl\" srcset=\"https:\/\/www.newpark.de\/wp-content\/uploads\/2022\/02\/2022-02-01-header_ENGL_1500x63025-1500x630.jpg 1500w, https:\/\/www.newpark.de\/wp-content\/uploads\/2022\/02\/2022-02-01-header_ENGL_1500x63025-300x127.jpg 300w\" sizes=\"(max-width: 1500px) 100vw, 1500px\" \/><\/div><\/li><\/ul><\/div><\/div>\n<div id='av_section_1'  class='avia-section main_color avia-section-huge avia-no-border-styling  avia-bg-style-scroll  avia-builder-el-1  el_after_av_slideshow_full  el_before_av_one_third   av-arrow-down-section container_wrap fullsize' style=' '  ><div class='container' ><div class='template-page content  av-content-full alpha units'><div class='post-entry post-entry-type-page post-entry-2735'><div class='entry-content-wrapper clearfix'>\n<div class=\"flex_column av_one_full  flex_column_div first  avia-builder-el-2  el_before_av_one_full  avia-builder-el-first  \" style='margin-top:-200px; margin-bottom:0px; padding:30px; background-color:#ffffff; border-radius:0px; '><div  style='padding-bottom:20px; font-size:40px;' class='av-special-heading av-special-heading-h1  blockquote modern-quote modern-centered  avia-builder-el-3  avia-builder-el-no-sibling  av-inherit-size '><h1 class='av-special-heading-tag '  itemprop=\"headline\"  >The newPark embedded in nature and landscape <\/h1><div class='special-heading-border'><div class='special-heading-inner-border' ><\/div><\/div><\/div><\/div><div class=\"flex_column av_one_full  av-animated-generic bottom-to-top  flex_column_div av-zero-column-padding first  avia-builder-el-4  el_after_av_one_full  avia-builder-el-last  column-top-margin\" style='margin-top:-60px; margin-bottom:0px; border-radius:0px; '><p><section class=\"av_textblock_section \"  itemscope=\"itemscope\" itemtype=\"https:\/\/schema.org\/CreativeWork\" ><div class='avia_textblock  '   itemprop=\"text\" ><p>In the newPark, industry is to blend into the landscape in a park-like manner. More than 60 percent of the industrial park will remain green. At the centre of the ambitious open space planning is the newPark lake, which, together with the ecological redesign of the Schwarzbach stream and the fruit tree yards, will create a high quality of stay.<\/p>\n<p>The competition procedure for the qualification of the green and open spaces was won by the firm M\u00fcller and Partner Landschaftsarchitekten BDLA. The design they have a developed takes particular account of the qualities of the natural spaces adjacent to the planning area and even enhances them in part. The greening measures improve their ecological value and the recreational function in the newPark. A particularly sensitive design of the transition zones between development and open space ensures that the newPark blends harmoniously into the natural and cultural landscape. Even within the planning area, existing landscape and natural elements such as the lime tree avenue or some wooded areas are largely preserved and blend harmoniously into the overall concept. In this way, landscape braces are created that provide for the interconnection of valuable biotopes, attractive path relationships, and sufficient space for near-natural rainwater management. The renaturation of the Schwarzbach by the Lippeverb and is also making a contribution to the upgrading.<\/p>\n<p>Another defining element in the open space design of the newPark is the fruit tree orchards, which are planted in several places near the workplaces and invite people to linger &#8211; for example during their lunch break, but also when seeking recreation.<\/p>\n<p>Working in attractive surroundings &#8211; the modern open space concept of the newPark, in harmony with <a href=\"https:\/\/www.newpark.de\/en\/profile\/industry-4-0-digitization\/\">Industry-4.0<\/a>, raises the prospect of dissolving the strict contrasts between industrial, commercial, residential and recreational areas. Through this attractive interlocking of the urban and the natural, the industrial area becomes a diverse park landscape, whereby nature in the open spaces is to remain fundamentally protected and respected.<\/p>\n<\/div><\/section><br \/>\n<section class=\"av_textblock_section \"  itemscope=\"itemscope\" itemtype=\"https:\/\/schema.org\/CreativeWork\" ><div class='avia_textblock  '   itemprop=\"text\" ><p><strong>The newPark Promenade as a calling card<\/strong><\/p>\n<p>The planned newPark Allee with a high quality of stay functions as the backbone and calling card of the entire industrial park. Columnar tree species characterise the tightly designed urban promenade, on which areas for pedestrians, cyclists and e-scooters are marked by different surfacing materials.<\/p>\n<p>At the junction of the newPark Allee, the landscape space and the development meet most clearly. A planned defining element for the park character of the area is the newPark lake, which opens towards the promenade to form a piazza. By embedding it in the green surroundings and creating an attractive design with seating steps and terraced areas, this large-scale water feature will become the central focal point for people seeking recreation in the newPark.<\/p>\n<p><em><strong>Sources: <\/strong><\/em><em>Report &#8216;Fortschreibung des st\u00e4dtebaulichen Rahmenplans&#8217;, Planungsgruppe Berlin GmbH\/Christine Edmaier; Report &#8216;newPark &#8211; Visionen und Gestaltungsleitlinien&#8217;, Freie Planungsgruppe Berlin GmbH\/Christine Edmaier und Mueller und Partner<\/em><\/p>\n<\/div><\/section><\/p><\/div>\n<\/div><\/div><\/div><!-- close content main div --><\/div><div class='av-extra-border-element border-extra-arrow-down'><div class='av-extra-border-outer'><div class='av-extra-border-inner'  style='background-color:#ffffff;' ><\/div><\/div><\/div><\/div><div id='after_section_1'  class='main_color av_default_container_wrap container_wrap fullsize' style=' '  ><div class='container' ><div class='template-page content  av-content-full alpha units'><div class='post-entry post-entry-type-page post-entry-2735'><div class='entry-content-wrapper clearfix'>\n<div class=\"flex_column av_one_third  flex_column_div av-zero-column-padding first  avia-builder-el-7  el_after_av_section  el_before_av_one_third  avia-builder-el-first  \" style='border-radius:0px; '><div  class='avia-image-container  av-styling-    avia-builder-el-8  avia-builder-el-no-sibling  avia-align-center '  itemprop=\"image\" itemscope=\"itemscope\" itemtype=\"https:\/\/schema.org\/ImageObject\"  ><div class='avia-image-container-inner'><div class='avia-image-overlay-wrap'><a href='https:\/\/www.wirtschaft.nrw\/' class='avia_image' target=\"_blank\" rel=\"noopener noreferrer\"><img decoding=\"async\" width=\"1574\" height=\"652\" class='wp-image-2661 avia-img-lazy-loading-not-2661 avia_image' src=\"https:\/\/www.newpark.de\/wp-content\/uploads\/2021\/03\/nrw-mweimh-logo_2018_web-2.jpg\" alt='Logo Ministerium f\u00fcr Wirtschaft, Innovation, Digitalisierung und Energie des Landes Nordrhein-Westfalen' title='Logo Ministerium f\u00fcr Wirtschaft, Innovation, Digitalisierung und Energie des Landes Nordrhein-Westfalen'  itemprop=\"thumbnailUrl\" srcset=\"https:\/\/www.newpark.de\/wp-content\/uploads\/2021\/03\/nrw-mweimh-logo_2018_web-2.jpg 1574w, https:\/\/www.newpark.de\/wp-content\/uploads\/2021\/03\/nrw-mweimh-logo_2018_web-2-300x124.jpg 300w, https:\/\/www.newpark.de\/wp-content\/uploads\/2021\/03\/nrw-mweimh-logo_2018_web-2-1030x427.jpg 1030w, https:\/\/www.newpark.de\/wp-content\/uploads\/2021\/03\/nrw-mweimh-logo_2018_web-2-768x318.jpg 768w, https:\/\/www.newpark.de\/wp-content\/uploads\/2021\/03\/nrw-mweimh-logo_2018_web-2-1536x636.jpg 1536w, https:\/\/www.newpark.de\/wp-content\/uploads\/2021\/03\/nrw-mweimh-logo_2018_web-2-1500x621.jpg 1500w, https:\/\/www.newpark.de\/wp-content\/uploads\/2021\/03\/nrw-mweimh-logo_2018_web-2-705x292.jpg 705w\" sizes=\"(max-width: 1574px) 100vw, 1574px\" \/><\/a><\/div><\/div><\/div><\/div>\n<div class=\"flex_column av_one_third  flex_column_div av-zero-column-padding   avia-builder-el-9  el_after_av_one_third  el_before_av_one_third  \" style='border-radius:0px; '><div  class='avia-image-container  av-styling-    avia-builder-el-10  avia-builder-el-no-sibling  avia-align-center '  itemprop=\"image\" itemscope=\"itemscope\" itemtype=\"https:\/\/schema.org\/ImageObject\"  ><div class='avia-image-container-inner'><div class='avia-image-overlay-wrap'><a href='https:\/\/www.bmwi.de\/Navigation\/DE\/Home\/home.html' class='avia_image' target=\"_blank\" rel=\"noopener noreferrer\"><img decoding=\"async\" width=\"555\" height=\"230\" class='wp-image-2660 avia-img-lazy-loading-not-2660 avia_image' src=\"https:\/\/www.newpark.de\/wp-content\/uploads\/2021\/03\/csm_BMWi_4C_Gef_de_60ce499243.jpg\" alt='Logo Bundesministerium f\u00fcr Wirtschaft und Energie' title='Logo Bundesministerium f\u00fcr Wirtschaft und Energie'  itemprop=\"thumbnailUrl\" srcset=\"https:\/\/www.newpark.de\/wp-content\/uploads\/2021\/03\/csm_BMWi_4C_Gef_de_60ce499243.jpg 555w, https:\/\/www.newpark.de\/wp-content\/uploads\/2021\/03\/csm_BMWi_4C_Gef_de_60ce499243-300x124.jpg 300w\" sizes=\"(max-width: 555px) 100vw, 555px\" \/><\/a><\/div><\/div><\/div><\/div>\n<div class=\"flex_column av_one_third  flex_column_div av-zero-column-padding   avia-builder-el-11  el_after_av_one_third  avia-builder-el-last  \" style='border-radius:0px; '><div  class='avia-image-container  av-styling-    avia-builder-el-12  avia-builder-el-no-sibling  avia-align-center '  itemprop=\"image\" itemscope=\"itemscope\" itemtype=\"https:\/\/schema.org\/ImageObject\"  ><div class='avia-image-container-inner'><div class='avia-image-overlay-wrap'><a href='https:\/\/europa.eu\/european-union\/index_de' class='avia_image' target=\"_blank\" rel=\"noopener noreferrer\"><img decoding=\"async\" width=\"1574\" height=\"652\" class='wp-image-2663 avia-img-lazy-loading-not-2663 avia_image' src=\"https:\/\/www.newpark.de\/wp-content\/uploads\/2021\/03\/Europeaische_Union_web-1.jpg\" alt='Logo Europ\u00e4ische Union Investition in unsere Zukunft Europ\u00e4ischer Fonds f\u00fcr regionale Entwicklung' title='Logo Europ\u00e4ische Union Investition in unsere Zukunft Europ\u00e4ischer Fonds f\u00fcr regionale Entwicklung'  itemprop=\"thumbnailUrl\" srcset=\"https:\/\/www.newpark.de\/wp-content\/uploads\/2021\/03\/Europeaische_Union_web-1.jpg 1574w, https:\/\/www.newpark.de\/wp-content\/uploads\/2021\/03\/Europeaische_Union_web-1-300x124.jpg 300w, https:\/\/www.newpark.de\/wp-content\/uploads\/2021\/03\/Europeaische_Union_web-1-1030x427.jpg 1030w, https:\/\/www.newpark.de\/wp-content\/uploads\/2021\/03\/Europeaische_Union_web-1-768x318.jpg 768w, https:\/\/www.newpark.de\/wp-content\/uploads\/2021\/03\/Europeaische_Union_web-1-1536x636.jpg 1536w, https:\/\/www.newpark.de\/wp-content\/uploads\/2021\/03\/Europeaische_Union_web-1-1500x621.jpg 1500w, https:\/\/www.newpark.de\/wp-content\/uploads\/2021\/03\/Europeaische_Union_web-1-705x292.jpg 705w\" sizes=\"(max-width: 1574px) 100vw, 1574px\" \/><\/a><\/div><\/div><\/div><\/div>\n","protected":false},"excerpt":{"rendered":"","protected":false},"author":1,"featured_media":0,"parent":2865,"menu_order":0,"comment_status":"closed","ping_status":"closed","template":"","meta":{"footnotes":""},"class_list":["post-2735","page","type-page","status-publish","hentry"],"yoast_head":"<!-- This site is optimized with the Yoast SEO plugin v26.6 - https:\/\/yoast.com\/wordpress\/plugins\/seo\/ -->\n<title>Landscape and open space in newPark - open space concept - Newpark Datteln<\/title>\n<meta name=\"robots\" content=\"index, follow, max-snippet:-1, max-image-preview:large, max-video-preview:-1\" \/>\n<link rel=\"canonical\" href=\"https:\/\/www.newpark.de\/en\/environment-climate\/open-space-concept\/\" \/>\n<meta property=\"og:locale\" content=\"en_US\" \/>\n<meta property=\"og:type\" content=\"article\" \/>\n<meta property=\"og:title\" content=\"Landscape and open space in newPark - open space concept - Newpark Datteln\" \/>\n<meta property=\"og:url\" content=\"https:\/\/www.newpark.de\/en\/environment-climate\/open-space-concept\/\" \/>\n<meta property=\"og:site_name\" content=\"Newpark Datteln\" \/>\n<meta property=\"article:modified_time\" content=\"2022-02-01T10:32:12+00:00\" \/>\n<meta name=\"twitter:card\" content=\"summary_large_image\" \/>\n<meta name=\"twitter:label1\" content=\"Est. reading time\" \/>\n\t<meta name=\"twitter:data1\" content=\"6 minutes\" \/>\n<script type=\"application\/ld+json\" class=\"yoast-schema-graph\">{\"@context\":\"https:\/\/schema.org\",\"@graph\":[{\"@type\":\"WebPage\",\"@id\":\"https:\/\/www.newpark.de\/en\/environment-climate\/open-space-concept\/\",\"url\":\"https:\/\/www.newpark.de\/en\/environment-climate\/open-space-concept\/\",\"name\":\"Landscape and open space in newPark - open space concept - Newpark Datteln\",\"isPartOf\":{\"@id\":\"https:\/\/www.newpark.de\/en\/#website\"},\"datePublished\":\"2022-01-24T14:28:49+00:00\",\"dateModified\":\"2022-02-01T10:32:12+00:00\",\"breadcrumb\":{\"@id\":\"https:\/\/www.newpark.de\/en\/environment-climate\/open-space-concept\/#breadcrumb\"},\"inLanguage\":\"en-US\",\"potentialAction\":[{\"@type\":\"ReadAction\",\"target\":[\"https:\/\/www.newpark.de\/en\/environment-climate\/open-space-concept\/\"]}]},{\"@type\":\"BreadcrumbList\",\"@id\":\"https:\/\/www.newpark.de\/en\/environment-climate\/open-space-concept\/#breadcrumb\",\"itemListElement\":[{\"@type\":\"ListItem\",\"position\":1,\"name\":\"Home\",\"item\":\"https:\/\/www.newpark.de\/en\/profil\/\"},{\"@type\":\"ListItem\",\"position\":2,\"name\":\"ENVIRONMENT &#038; CLIMATE\",\"item\":\"https:\/\/www.newpark.de\/en\/environment-climate\/\"},{\"@type\":\"ListItem\",\"position\":3,\"name\":\"open space concept\"}]},{\"@type\":\"WebSite\",\"@id\":\"https:\/\/www.newpark.de\/en\/#website\",\"url\":\"https:\/\/www.newpark.de\/en\/\",\"name\":\"Newpark Datteln\",\"description\":\"\",\"potentialAction\":[{\"@type\":\"SearchAction\",\"target\":{\"@type\":\"EntryPoint\",\"urlTemplate\":\"https:\/\/www.newpark.de\/en\/?s={search_term_string}\"},\"query-input\":{\"@type\":\"PropertyValueSpecification\",\"valueRequired\":true,\"valueName\":\"search_term_string\"}}],\"inLanguage\":\"en-US\"}]}<\/script>\n<!-- \/ Yoast SEO plugin. -->","yoast_head_json":{"title":"Landscape and open space in newPark - open space concept - Newpark Datteln","robots":{"index":"index","follow":"follow","max-snippet":"max-snippet:-1","max-image-preview":"max-image-preview:large","max-video-preview":"max-video-preview:-1"},"canonical":"https:\/\/www.newpark.de\/en\/environment-climate\/open-space-concept\/","og_locale":"en_US","og_type":"article","og_title":"Landscape and open space in newPark - open space concept - Newpark Datteln","og_url":"https:\/\/www.newpark.de\/en\/environment-climate\/open-space-concept\/","og_site_name":"Newpark Datteln","article_modified_time":"2022-02-01T10:32:12+00:00","twitter_card":"summary_large_image","twitter_misc":{"Est. reading time":"6 minutes"},"schema":{"@context":"https:\/\/schema.org","@graph":[{"@type":"WebPage","@id":"https:\/\/www.newpark.de\/en\/environment-climate\/open-space-concept\/","url":"https:\/\/www.newpark.de\/en\/environment-climate\/open-space-concept\/","name":"Landscape and open space in newPark - open space concept - Newpark Datteln","isPartOf":{"@id":"https:\/\/www.newpark.de\/en\/#website"},"datePublished":"2022-01-24T14:28:49+00:00","dateModified":"2022-02-01T10:32:12+00:00","breadcrumb":{"@id":"https:\/\/www.newpark.de\/en\/environment-climate\/open-space-concept\/#breadcrumb"},"inLanguage":"en-US","potentialAction":[{"@type":"ReadAction","target":["https:\/\/www.newpark.de\/en\/environment-climate\/open-space-concept\/"]}]},{"@type":"BreadcrumbList","@id":"https:\/\/www.newpark.de\/en\/environment-climate\/open-space-concept\/#breadcrumb","itemListElement":[{"@type":"ListItem","position":1,"name":"Home","item":"https:\/\/www.newpark.de\/en\/profil\/"},{"@type":"ListItem","position":2,"name":"ENVIRONMENT &#038; CLIMATE","item":"https:\/\/www.newpark.de\/en\/environment-climate\/"},{"@type":"ListItem","position":3,"name":"open space concept"}]},{"@type":"WebSite","@id":"https:\/\/www.newpark.de\/en\/#website","url":"https:\/\/www.newpark.de\/en\/","name":"Newpark Datteln","description":"","potentialAction":[{"@type":"SearchAction","target":{"@type":"EntryPoint","urlTemplate":"https:\/\/www.newpark.de\/en\/?s={search_term_string}"},"query-input":{"@type":"PropertyValueSpecification","valueRequired":true,"valueName":"search_term_string"}}],"inLanguage":"en-US"}]}},"_links":{"self":[{"href":"https:\/\/www.newpark.de\/en\/wp-json\/wp\/v2\/pages\/2735","targetHints":{"allow":["GET"]}}],"collection":[{"href":"https:\/\/www.newpark.de\/en\/wp-json\/wp\/v2\/pages"}],"about":[{"href":"https:\/\/www.newpark.de\/en\/wp-json\/wp\/v2\/types\/page"}],"author":[{"embeddable":true,"href":"https:\/\/www.newpark.de\/en\/wp-json\/wp\/v2\/users\/1"}],"replies":[{"embeddable":true,"href":"https:\/\/www.newpark.de\/en\/wp-json\/wp\/v2\/comments?post=2735"}],"version-history":[{"count":10,"href":"https:\/\/www.newpark.de\/en\/wp-json\/wp\/v2\/pages\/2735\/revisions"}],"predecessor-version":[{"id":3319,"href":"https:\/\/www.newpark.de\/en\/wp-json\/wp\/v2\/pages\/2735\/revisions\/3319"}],"up":[{"embeddable":true,"href":"https:\/\/www.newpark.de\/en\/wp-json\/wp\/v2\/pages\/2865"}],"wp:attachment":[{"href":"https:\/\/www.newpark.de\/en\/wp-json\/wp\/v2\/media?parent=2735"}],"curies":[{"name":"wp","href":"https:\/\/api.w.org\/{rel}","templated":true}]}}